{"id":2028,"date":"2022-12-19T10:24:56","date_gmt":"2022-12-19T09:24:56","guid":{"rendered":"http:\/\/azur-shiatsu.com\/wp-fr\/?page_id=2028"},"modified":"2023-10-25T22:27:50","modified_gmt":"2023-10-25T20:27:50","slug":"shiatsu-origine-bienfaits","status":"publish","type":"page","link":"https:\/\/azur-shiatsu.com\/wp-fr\/shiatsu-origine-bienfaits\/","title":{"rendered":"Le Shiatsu : Origines et bienfaits"},"content":{"rendered":"\n[et_pb_section fb_built=\u00a0\u00bb1&Prime; custom_padding_last_edited=\u00a0\u00bbon|phone\u00a0\u00bb _builder_version=\u00a0\u00bb4.20.4&Prime; _module_preset=\u00a0\u00bbdefault\u00a0\u00bb background_color=\u00a0\u00bbRGBA(255,255,255,0)\u00a0\u00bb background_image=\u00a0\u00bbhttps:\/\/azur-shiatsu.com\/wp-fr\/wp-content\/uploads\/2022\/12\/video-capture-soins-pratiques.jpg\u00a0\u00bb parallax=\u00a0\u00bbon\u00a0\u00bb parallax_method=\u00a0\u00bboff\u00a0\u00bb custom_padding=\u00a0\u00bb0px||177px|||\u00a0\u00bb custom_padding_tablet=\u00a0\u00bb0px||177px|||\u00a0\u00bb custom_padding_phone=\u00a0\u00bb0px||100px||false|false\u00a0\u00bb da_disable_devices=\u00a0\u00bboff|off|off\u00a0\u00bb global_colors_info=\u00a0\u00bb{}\u00a0\u00bb da_is_popup=\u00a0\u00bboff\u00a0\u00bb da_exit_intent=\u00a0\u00bboff\u00a0\u00bb da_has_close=\u00a0\u00bbon\u00a0\u00bb da_alt_close=\u00a0\u00bboff\u00a0\u00bb da_dark_close=\u00a0\u00bboff\u00a0\u00bb da_not_modal=\u00a0\u00bbon\u00a0\u00bb da_is_singular=\u00a0\u00bboff\u00a0\u00bb da_with_loader=\u00a0\u00bboff\u00a0\u00bb da_has_shadow=\u00a0\u00bbon\u00a0\u00bb][et_pb_row _builder_version=\u00a0\u00bb4.20.4&Prime; _module_preset=\u00a0\u00bbdefault\u00a0\u00bb global_colors_info=\u00a0\u00bb{}\u00a0\u00bb][et_pb_column type=\u00a0\u00bb4_4&Prime; _builder_version=\u00a0\u00bb4.19.4&Prime; _module_preset=\u00a0\u00bbdefault\u00a0\u00bb global_colors_info=\u00a0\u00bb{}\u00a0\u00bb][et_pb_text _builder_version=\u00a0\u00bb4.20.4&Prime; _module_preset=\u00a0\u00bbdefault\u00a0\u00bb header_2_text_color=\u00a0\u00bb#FFFFFF\u00a0\u00bb header_2_font_size=\u00a0\u00bb100px\u00a0\u00bb header_3_text_color=\u00a0\u00bb#FFFFFF\u00a0\u00bb header_3_font_size=\u00a0\u00bb51px\u00a0\u00bb custom_margin_tablet=\u00a0\u00bb\u00a0\u00bb custom_margin_phone=\u00a0\u00bb\u00a0\u00bb custom_margin_last_edited=\u00a0\u00bbon|phone\u00a0\u00bb custom_padding=\u00a0\u00bb100px||||false|false\u00a0\u00bb custom_padding_tablet=\u00a0\u00bb100px||||false|false\u00a0\u00bb custom_padding_phone=\u00a0\u00bb10px||||false|false\u00a0\u00bb custom_padding_last_edited=\u00a0\u00bbon|desktop\u00a0\u00bb header_2_font_size_tablet=\u00a0\u00bb100px\u00a0\u00bb header_2_font_size_phone=\u00a0\u00bb73px\u00a0\u00bb header_2_font_size_last_edited=\u00a0\u00bbon|phone\u00a0\u00bb global_colors_info=\u00a0\u00bb{}\u00a0\u00bb]<h2>Le Shiatsu<\/h2>[\/et_pb_text][\/et_pb_column][\/et_pb_row][et_pb_row column_structure=\u00a0\u00bb3_5,2_5&Prime; use_custom_gutter=\u00a0\u00bbon\u00a0\u00bb gutter_width=\u00a0\u00bb2&Prime; make_equal=\u00a0\u00bbon\u00a0\u00bb _builder_version=\u00a0\u00bb4.20.4&Prime; _module_preset=\u00a0\u00bbdefault\u00a0\u00bb custom_margin_tablet=\u00a0\u00bb\u00a0\u00bb custom_margin_phone=\u00a0\u00bb\u00a0\u00bb custom_margin_last_edited=\u00a0\u00bbon|phone\u00a0\u00bb custom_padding=\u00a0\u00bb0px||||false|false\u00a0\u00bb locked=\u00a0\u00bboff\u00a0\u00bb global_colors_info=\u00a0\u00bb{}\u00a0\u00bb][et_pb_column type=\u00a0\u00bb3_5&Prime; _builder_version=\u00a0\u00bb4.20.4&Prime; _module_preset=\u00a0\u00bbdefault\u00a0\u00bb global_colors_info=\u00a0\u00bb{}\u00a0\u00bb][et_pb_text _builder_version=\u00a0\u00bb4.20.4&Prime; _module_preset=\u00a0\u00bbdefault\u00a0\u00bb text_text_color=\u00a0\u00bb#FFFFFF\u00a0\u00bb background_color=\u00a0\u00bbrgba(0,0,0,0.39)\u00a0\u00bb custom_margin=\u00a0\u00bb||||false|false\u00a0\u00bb custom_padding=\u00a0\u00bb15px|15px|15px|15px|true|true\u00a0\u00bb global_colors_info=\u00a0\u00bb{}\u00a0\u00bb]<p>Le terme Shiatsu est apparu au d\u00e9but du XX\u00e8me si\u00e8cle au Japon. Cette technique est reconnue depuis une cinquantaine d&rsquo;ann\u00e9es pour son efficacit\u00e9.<\/p>\n<p>Il est \u00e0 la fois li\u00e9 \u00e0 la m\u00e9decine tao\u00efste et \u00e0 une tradition d\u2019auto-massages (appel\u00e9s Do In) pratiqu\u00e9s de fa\u00e7on familiale depuis plusieurs mill\u00e9naires en Chine.<\/p>\n<p>Au d\u00e9but du XXe si\u00e8cle, le japonais Namikoshi (1905-2000) a \u00e9t\u00e9 \u00e0 l&rsquo;origine de la cr\u00e9ation du Shiatsu moderne. Il a mis l&rsquo;accent sur la physiologie et l&rsquo;anatomie et d\u00e9laiss\u00e9 la fonction des m\u00e9ridiens, pour rendre le shiatsu plus accessible.<\/p>[\/et_pb_text][\/et_pb_column][et_pb_column type=\u00a0\u00bb2_5&Prime; _builder_version=\u00a0\u00bb4.20.4&Prime; _module_preset=\u00a0\u00bbdefault\u00a0\u00bb global_colors_info=\u00a0\u00bb{}\u00a0\u00bb][et_pb_testimonial author=\u00a0\u00bbMaitre Tokujiro Namikoshi\u00a0\u00bb portrait_url=\u00a0\u00bbhttps:\/\/azur-shiatsu.com\/wp-fr\/wp-content\/uploads\/2023\/03\/tokujiro-namikoshi-portrait.jpg\u00a0\u00bb quote_icon_color=\u00a0\u00bb#FFAC4C\u00a0\u00bb _builder_version=\u00a0\u00bb4.20.4&Prime; _module_preset=\u00a0\u00bbdefault\u00a0\u00bb background_color=\u00a0\u00bbrgba(249,244,239,0.72)\u00a0\u00bb border_width_all_portrait=\u00a0\u00bb2px\u00a0\u00bb border_color_all_portrait=\u00a0\u00bb#FFFFFF\u00a0\u00bb global_colors_info=\u00a0\u00bb{}\u00a0\u00bb]<p>Le coeur du Shiatsu est comme l&rsquo;amour maternel, la pression sur le corps stimule la source de la vie.<\/p>[\/et_pb_testimonial][\/et_pb_column][\/et_pb_row][et_pb_row column_structure=\u00a0\u00bb1_2,1_2&Prime; use_custom_gutter=\u00a0\u00bbon\u00a0\u00bb gutter_width=\u00a0\u00bb2&Prime; make_equal=\u00a0\u00bbon\u00a0\u00bb _builder_version=\u00a0\u00bb4.20.4&Prime; _module_preset=\u00a0\u00bbdefault\u00a0\u00bb custom_padding=\u00a0\u00bb37px|||||\u00a0\u00bb locked=\u00a0\u00bboff\u00a0\u00bb global_colors_info=\u00a0\u00bb{}\u00a0\u00bb][et_pb_column type=\u00a0\u00bb1_2&Prime; _builder_version=\u00a0\u00bb4.20.4&Prime; _module_preset=\u00a0\u00bbdefault\u00a0\u00bb global_colors_info=\u00a0\u00bb{}\u00a0\u00bb][et_pb_testimonial author=\u00a0\u00bbShizuto Masunaga\u00a0\u00bb portrait_url=\u00a0\u00bbhttps:\/\/azur-shiatsu.com\/wp-fr\/wp-content\/uploads\/2023\/03\/shizuto-masunaga.jpg\u00a0\u00bb quote_icon_color=\u00a0\u00bb#FFAC4C\u00a0\u00bb _builder_version=\u00a0\u00bb4.20.4&Prime; _module_preset=\u00a0\u00bbdefault\u00a0\u00bb background_color=\u00a0\u00bbrgba(249,244,239,0.72)\u00a0\u00bb border_width_all_portrait=\u00a0\u00bb2px\u00a0\u00bb border_color_all_portrait=\u00a0\u00bb#FFFFFF\u00a0\u00bb global_colors_info=\u00a0\u00bb{}\u00a0\u00bb]<p><span>La d\u00e9marche orientale vers la sant\u00e9 a toujours consist\u00e9 \u00e0 augmenter la vitalit\u00e9 et \u00e0 pr\u00e9venir les maladies plut\u00f4t que lutter contre la maladie une fois attrap\u00e9e.<\/span><\/p>[\/et_pb_testimonial][\/et_pb_column][et_pb_column type=\u00a0\u00bb1_2&Prime; _builder_version=\u00a0\u00bb4.20.4&Prime; _module_preset=\u00a0\u00bbdefault\u00a0\u00bb global_colors_info=\u00a0\u00bb{}\u00a0\u00bb][et_pb_text _builder_version=\u00a0\u00bb4.20.4&Prime; _module_preset=\u00a0\u00bbdefault\u00a0\u00bb text_text_color=\u00a0\u00bb#FFFFFF\u00a0\u00bb background_color=\u00a0\u00bbrgba(0,0,0,0.39)\u00a0\u00bb custom_margin=\u00a0\u00bb||||false|false\u00a0\u00bb custom_padding=\u00a0\u00bb15px|15px|15px|15px|true|true\u00a0\u00bb global_colors_info=\u00a0\u00bb{}\u00a0\u00bb]<p>Quelques ann\u00e9es plus tard, Masunaga a r\u00e9introduit les principes de base de la m\u00e9decine traditionnelle chinoise (cinq \u00e9l\u00e9ments, Yin et Yang, m\u00e9ridiens, etc.). On retrouve donc aujourd&rsquo;hui deux \u00e9coles de pens\u00e9e principales.<\/p>\n<p>En 1955, le minist\u00e8re japonais de la Sant\u00e9 a int\u00e9gr\u00e9 officiellement le Shiatsu dans la pratique m\u00e9dicale. C&rsquo;est l&rsquo;une des huit approches alternatives d\u00e9sign\u00e9es, dans la r\u00e9solution A4-0075\/97 du Parlement europ\u00e9en vot\u00e9e le 29 mai 1997, sous l&rsquo;appellation \u00ab m\u00e9decine non conventionnelle digne d\u2019int\u00e9r\u00eat \u00bb.<\/p>[\/et_pb_text][\/et_pb_column][\/et_pb_row][\/et_pb_section][et_pb_section fb_built=\u00a0\u00bb1&Prime; admin_label=\u00a0\u00bbSection shiatsu yi king\u00a0\u00bb module_id=\u00a0\u00bbsoins-shiatsu-yiking\u00a0\u00bb _builder_version=\u00a0\u00bb4.20.4&Prime; _module_preset=\u00a0\u00bbdefault\u00a0\u00bb background_enable_color=\u00a0\u00bboff\u00a0\u00bb custom_margin=\u00a0\u00bb-49px|||||\u00a0\u00bb da_popup_slug=\u00a0\u00bbpratiques-shiatsu-yiking\u00a0\u00bb da_disable_devices=\u00a0\u00bboff|off|off\u00a0\u00bb locked=\u00a0\u00bboff\u00a0\u00bb global_colors_info=\u00a0\u00bb{}\u00a0\u00bb da_is_popup=\u00a0\u00bboff\u00a0\u00bb da_exit_intent=\u00a0\u00bboff\u00a0\u00bb da_has_close=\u00a0\u00bbon\u00a0\u00bb da_alt_close=\u00a0\u00bboff\u00a0\u00bb da_dark_close=\u00a0\u00bboff\u00a0\u00bb da_not_modal=\u00a0\u00bbon\u00a0\u00bb da_is_singular=\u00a0\u00bboff\u00a0\u00bb da_with_loader=\u00a0\u00bboff\u00a0\u00bb da_has_shadow=\u00a0\u00bbon\u00a0\u00bb][et_pb_row column_structure=\u00a0\u00bb3_5,2_5&Prime; _builder_version=\u00a0\u00bb4.20.4&Prime; _module_preset=\u00a0\u00bbdefault\u00a0\u00bb max_width=\u00a0\u00bb1480px\u00a0\u00bb custom_margin=\u00a0\u00bb|0px|||false|false\u00a0\u00bb global_colors_info=\u00a0\u00bb{}\u00a0\u00bb][et_pb_column type=\u00a0\u00bb3_5&Prime; _builder_version=\u00a0\u00bb4.20.4&Prime; _module_preset=\u00a0\u00bbdefault\u00a0\u00bb global_colors_info=\u00a0\u00bb{}\u00a0\u00bb][et_pb_text _builder_version=\u00a0\u00bb4.20.4&Prime; _module_preset=\u00a0\u00bbdefault\u00a0\u00bb custom_margin=\u00a0\u00bb|||-102px||\u00a0\u00bb custom_margin_tablet=\u00a0\u00bb|||-102px||\u00a0\u00bb custom_margin_phone=\u00a0\u00bb|30px||-40px|false|false\u00a0\u00bb custom_margin_last_edited=\u00a0\u00bbon|phone\u00a0\u00bb global_colors_info=\u00a0\u00bb{}\u00a0\u00bb]<h2>La philosophie du Shiatsu<\/h2>\n<p>La philosophie du Shiatsu est profond\u00e9ment ancr\u00e9e dans la compr\u00e9hension et la connexion du corps, de l&rsquo;esprit et de l&rsquo;\u00e9nergie vitale. Cette pratique traditionnelle japonaise se base sur le concept que l&rsquo;\u00e9quilibre \u00e9nerg\u00e9tique est essentiel pour maintenir une bonne sant\u00e9. Elle ressemble aux anciennes techniques telles que l&rsquo;acupressure et la digitopuncture&#8230;<\/p>\n<p>Le Shiatsu consid\u00e8re le corps humain comme un syst\u00e8me int\u00e9gr\u00e9, o\u00f9 chaque partie est interconnect\u00e9e et interd\u00e9pendante. Il met l&rsquo;accent sur la libre circulation de l&rsquo;\u00e9nergie vitale, appel\u00e9e \u00ab\u00a0Ki\u00a0\u00bb en japonais, \u00e0 travers les m\u00e9ridiens et les points d&rsquo;acupuncture.<\/p>\n<p>Le praticien de Shiatsu utilise ses mains, ses doigts et ses pouces pour appliquer des pressions et des \u00e9tirements sur le corps du receveur. Cela vise \u00e0 lib\u00e9rer les blocages \u00e9nerg\u00e9tiques, \u00e0 stimuler la circulation et \u00e0 restaurer l&rsquo;harmonie naturelle du corps.<\/p>\n<p>La philosophie sous-jacente du Shiatsu encourage \u00e9galement l&rsquo;autonomie et la responsabilit\u00e9 personnelle envers sa propre sant\u00e9. Elle invite chacun \u00e0 \u00eatre conscient de son corps, de ses \u00e9motions et de son environnement, afin de maintenir un \u00e9quilibre global.<\/p>\n<p>En r\u00e9sum\u00e9, la philosophie du Shiatsu embrasse l&rsquo;id\u00e9e que la sant\u00e9 d\u00e9coule d&rsquo;un \u00e9quilibre \u00e9nerg\u00e9tique optimal et d&rsquo;une conscience accrue de soi. Elle offre une approche holistique qui favorise la d\u00e9tente, la gu\u00e9rison et le bien-\u00eatre global.<\/p>\n<p>Le shiatsu ressemble aux anciennes pratiques telles que l&rsquo;acupressure et la digitopuncture&#8230;<\/p>[\/et_pb_text][et_pb_text _builder_version=\u00a0\u00bb4.22.2&Prime; _module_preset=\u00a0\u00bbdefault\u00a0\u00bb custom_margin=\u00a0\u00bb|||-102px||\u00a0\u00bb custom_margin_tablet=\u00a0\u00bb|||-102px||\u00a0\u00bb custom_margin_phone=\u00a0\u00bb|30px||-40px|false|false\u00a0\u00bb custom_margin_last_edited=\u00a0\u00bbon|phone\u00a0\u00bb global_colors_info=\u00a0\u00bb{}\u00a0\u00bb]<h2 id=\"h_8312505111697924039782\">Les bienfaits du Shiatsu<\/h2>\n<p><b>Ce qu&rsquo;apporte le shiatsu est surtout une d\u00e9tente profonde qui permet d&rsquo;\u00e9couter ce que le corps peut nous dire de notre \u00e9tat actuel. C&rsquo;est une prise en compte de notre v\u00e9hicule corporel qui nous permet de mieux go\u00fbter les moments et les \u00e9v\u00e8nements\u00a0de l&rsquo;existence.<\/b><\/p>\n<p><strong>Voici notamment ce que cette pratique peut soulager :<\/strong><\/p>\n<ul>\n<li><strong>les maux de dos<\/strong><\/li>\n<li><strong>les douleurs de l&rsquo;arthrose<\/strong><\/li>\n<li><strong>les insomnies<\/strong><\/li>\n<li><strong>les tendinites<\/strong><\/li>\n<li><strong>le stress et les angoisses<\/strong><\/li>\n<li><strong>les addictions\u00a0<\/strong><\/li>\n<li><strong>les soucis digestifs<\/strong><\/li>\n<li><strong>&#8230;<\/strong><\/li>\n<\/ul>\n<p><a href=\"https:\/\/azur-shiatsu.com\/wp-fr\/bienfaits-azur-shiatsu\/\"><strong>Voir la page d\u00e9taill\u00e9e des bienfaits apport\u00e9s par les s\u00e9ances de shiatsu.<\/strong><\/a><\/p>\n<p>&nbsp;<\/p>\n<p>&nbsp;<\/p>[\/et_pb_text][\/et_pb_column][et_pb_column type=\u00a0\u00bb2_5&Prime; _builder_version=\u00a0\u00bb4.20.4&Prime; _module_preset=\u00a0\u00bbdefault\u00a0\u00bb global_colors_info=\u00a0\u00bb{}\u00a0\u00bb][et_pb_image src=\u00a0\u00bbhttps:\/\/azur-shiatsu.com\/wp-fr\/wp-content\/uploads\/2023\/03\/shiatsu-futon-dos-sweat2.jpg\u00a0\u00bb title_text=\u00a0\u00bbshiatsu-futon-dos-sweat2&Prime; _builder_version=\u00a0\u00bb4.20.4&Prime; _module_preset=\u00a0\u00bbdefault\u00a0\u00bb custom_margin=\u00a0\u00bb-69px|0px|||false|false\u00a0\u00bb custom_margin_tablet=\u00a0\u00bb-69px|0px|||false|false\u00a0\u00bb custom_margin_phone=\u00a0\u00bb0px|0px|||false|false\u00a0\u00bb custom_margin_last_edited=\u00a0\u00bbon|phone\u00a0\u00bb global_colors_info=\u00a0\u00bb{}\u00a0\u00bb][\/et_pb_image][\/et_pb_column][\/et_pb_row][\/et_pb_section]\n","protected":false},"excerpt":{"rendered":"<p>Le ShiatsuLe terme Shiatsu est apparu au d\u00e9but du XX\u00e8me si\u00e8cle au Japon. Cette technique est reconnue depuis une cinquantaine d&rsquo;ann\u00e9es pour son efficacit\u00e9. Il est \u00e0 la fois li\u00e9 \u00e0 la m\u00e9decine tao\u00efste et \u00e0 une tradition d\u2019auto-massages (appel\u00e9s Do In) pratiqu\u00e9s de fa\u00e7on familiale depuis plusieurs mill\u00e9naires en Chine. Au d\u00e9but du XXe [&hellip;]<\/p>\n","protected":false},"author":1,"featured_media":0,"parent":0,"menu_order":0,"comment_status":"closed","ping_status":"closed","template":"","meta":{"_et_pb_use_builder":"on","_et_pb_old_content":"","_et_gb_content_width":"","footnotes":""},"class_list":["post-2028","page","type-page","status-publish","hentry"],"_links":{"self":[{"href":"https:\/\/azur-shiatsu.com\/wp-fr\/wp-json\/wp\/v2\/pages\/2028"}],"collection":[{"href":"https:\/\/azur-shiatsu.com\/wp-fr\/wp-json\/wp\/v2\/pages"}],"about":[{"href":"https:\/\/azur-shiatsu.com\/wp-fr\/wp-json\/wp\/v2\/types\/page"}],"author":[{"embeddable":true,"href":"https:\/\/azur-shiatsu.com\/wp-fr\/wp-json\/wp\/v2\/users\/1"}],"replies":[{"embeddable":true,"href":"https:\/\/azur-shiatsu.com\/wp-fr\/wp-json\/wp\/v2\/comments?post=2028"}],"version-history":[{"count":5,"href":"https:\/\/azur-shiatsu.com\/wp-fr\/wp-json\/wp\/v2\/pages\/2028\/revisions"}],"predecessor-version":[{"id":6459,"href":"https:\/\/azur-shiatsu.com\/wp-fr\/wp-json\/wp\/v2\/pages\/2028\/revisions\/6459"}],"wp:attachment":[{"href":"https:\/\/azur-shiatsu.com\/wp-fr\/wp-json\/wp\/v2\/media?parent=2028"}],"curies":[{"name":"wp","href":"https:\/\/api.w.org\/{rel}","templated":true}]}}