{"id":4445,"date":"2023-03-08T14:13:15","date_gmt":"2023-03-08T13:13:15","guid":{"rendered":"http:\/\/azur-shiatsu.com\/wp-fr\/?page_id=4445"},"modified":"2026-03-25T22:50:48","modified_gmt":"2026-03-25T21:50:48","slug":"seances-en-entreprise","status":"publish","type":"page","link":"https:\/\/azur-shiatsu.com\/wp-fr\/seances-en-entreprise\/","title":{"rendered":"S\u00e9ances en entreprise"},"content":{"rendered":"<p>[et_pb_section fb_built=\u00a0\u00bb1&Prime; fullwidth=\u00a0\u00bbon\u00a0\u00bb _builder_version=\u00a0\u00bb4.19.4&Prime; _module_preset=\u00a0\u00bbdefault\u00a0\u00bb parallax=\u00a0\u00bbon\u00a0\u00bb parallax_method=\u00a0\u00bboff\u00a0\u00bb da_disable_devices=\u00a0\u00bboff|off|off\u00a0\u00bb global_colors_info=\u00a0\u00bb{}\u00a0\u00bb da_is_popup=\u00a0\u00bboff\u00a0\u00bb da_exit_intent=\u00a0\u00bboff\u00a0\u00bb da_has_close=\u00a0\u00bbon\u00a0\u00bb da_alt_close=\u00a0\u00bboff\u00a0\u00bb da_dark_close=\u00a0\u00bboff\u00a0\u00bb da_not_modal=\u00a0\u00bbon\u00a0\u00bb da_is_singular=\u00a0\u00bboff\u00a0\u00bb da_with_loader=\u00a0\u00bboff\u00a0\u00bb da_has_shadow=\u00a0\u00bbon\u00a0\u00bb][et_pb_fullwidth_header header_fullscreen=\u00a0\u00bbon\u00a0\u00bb header_scroll_down=\u00a0\u00bbon\u00a0\u00bb scroll_down_icon_size=\u00a0\u00bb32px\u00a0\u00bb background_overlay_color=\u00a0\u00bbrgba(0,0,0,0.27)\u00a0\u00bb _builder_version=\u00a0\u00bb4.20.2&Prime; _module_preset=\u00a0\u00bbdefault\u00a0\u00bb title_font=\u00a0\u00bbCrimson Text||||||||\u00a0\u00bb title_text_color=\u00a0\u00bb#FFFFFF\u00a0\u00bb title_font_size=\u00a0\u00bb120px\u00a0\u00bb title_line_height=\u00a0\u00bb0.9em\u00a0\u00bb content_font_size=\u00a0\u00bb32px\u00a0\u00bb content_line_height=\u00a0\u00bb2.6rem\u00a0\u00bb background_color=\u00a0\u00bbRGBA(255,255,255,0)\u00a0\u00bb background_image=\u00a0\u00bbhttps:\/\/azur-shiatsu.com\/wp-fr\/wp-content\/uploads\/2023\/03\/shiatsu-sur-table-large-dojo.jpg\u00a0\u00bb custom_margin=\u00a0\u00bb|||0px|false|false\u00a0\u00bb border_color_all_image=\u00a0\u00bbRGBA(255,255,255,0)\u00a0\u00bb global_colors_info=\u00a0\u00bb{}\u00a0\u00bb]<\/p>\n<h1>S\u00e9ances en entreprise et collectivit\u00e9s<\/h1>\n<p>Je propose des prestations pour un mieux-\u00eatre physique et mental aux entreprises et aux \u00e9tablissements publics.<\/p>\n<p>[\/et_pb_fullwidth_header][\/et_pb_section][et_pb_section fb_built=\u00a0\u00bb1&Prime; _builder_version=\u00a0\u00bb4.20.1&Prime; _module_preset=\u00a0\u00bbdefault\u00a0\u00bb background_enable_image=\u00a0\u00bboff\u00a0\u00bb custom_padding=\u00a0\u00bb53px|||||\u00a0\u00bb da_disable_devices=\u00a0\u00bboff|off|off\u00a0\u00bb global_colors_info=\u00a0\u00bb{}\u00a0\u00bb da_is_popup=\u00a0\u00bboff\u00a0\u00bb da_exit_intent=\u00a0\u00bboff\u00a0\u00bb da_has_close=\u00a0\u00bbon\u00a0\u00bb da_alt_close=\u00a0\u00bboff\u00a0\u00bb da_dark_close=\u00a0\u00bboff\u00a0\u00bb da_not_modal=\u00a0\u00bbon\u00a0\u00bb da_is_singular=\u00a0\u00bboff\u00a0\u00bb da_with_loader=\u00a0\u00bboff\u00a0\u00bb da_has_shadow=\u00a0\u00bbon\u00a0\u00bb][et_pb_row column_structure=\u00a0\u00bb3_5,2_5&Prime; _builder_version=\u00a0\u00bb4.20.1&Prime; _module_preset=\u00a0\u00bbdefault\u00a0\u00bb global_colors_info=\u00a0\u00bb{}\u00a0\u00bb][et_pb_column type=\u00a0\u00bb3_5&Prime; _builder_version=\u00a0\u00bb4.20.1&Prime; _module_preset=\u00a0\u00bbdefault\u00a0\u00bb global_colors_info=\u00a0\u00bb{}\u00a0\u00bb][et_pb_text _builder_version=\u00a0\u00bb4.20.4&Prime; _module_preset=\u00a0\u00bbdefault\u00a0\u00bb global_colors_info=\u00a0\u00bb{}\u00a0\u00bb]<\/p>\n<h2>Pour un mieux-\u00eatre du corps et de l&rsquo;esprit de vos salari\u00e9s ou adh\u00e9rents<\/h2>\n<p>Au sein des entreprises, le besoin de d\u00e9tente est de plus en plus vital. Les corps sont malmen\u00e9s par les diff\u00e9rentes injonctions du monde du travail.<\/p>\n<p>A travers un<strong> do-in<\/strong> ou une s\u00e9ance de <strong>shiatsu<\/strong>, les personnes peuvent apprendre \u00e0 se d\u00e9tendre et \u00e0 retrouver de l&rsquo;\u00e9lan dans leurs activit\u00e9s.<\/p>\n<p>La d\u00e9tente du corps favorise l&rsquo;accueil des \u00e9motions et les relations au sein de l&rsquo;entreprise.<\/p>\n<p>J&rsquo;interviens dans les entreprises et collectivit\u00e9s :<\/p>\n<ul>\n<li><strong>Shiatsu en individuel et Do-in (auto shiatsu) en groupe.<\/strong><\/li>\n<\/ul>\n<ul>\n<li><strong>Shiatsu pour les soins aux soignants et les r\u00e9sidents<\/strong> dans les EHPAD (voir mes <a href=\"#ref-ehpad\">r\u00e9f\u00e9rences<\/a>).<\/li>\n<\/ul>\n<ul>\n<li><strong>Shiatsu en association avec d&rsquo;autres praticiens <\/strong>(r\u00e9flexologie&#8230;), ce qui permet \u00e0 plusieurs personnes de recevoir un soin sur le m\u00eame cr\u00e9neau horaire.<\/li>\n<\/ul>\n<p>N&rsquo;h\u00e9sitez pas \u00e0 m&rsquo;appeler ou m&rsquo;envoyer un e-mail. Nous pourrons discuter de votre demande afin que je puisse \u00e9tablir un devis.<\/p>\n<ul><\/ul>\n<p>[\/et_pb_text][et_pb_button button_text=\u00a0\u00bbPour me contacter\u00a0\u00bb button_alignment=\u00a0\u00bbcenter\u00a0\u00bb _builder_version=\u00a0\u00bb4.20.2&Prime; _module_preset=\u00a0\u00bbdefault\u00a0\u00bb custom_button=\u00a0\u00bbon\u00a0\u00bb button_text_color=\u00a0\u00bb#FFFFFF\u00a0\u00bb button_bg_color=\u00a0\u00bb#0C71C3&Prime; button_font=\u00a0\u00bb|||on|||||\u00a0\u00bb background_layout=\u00a0\u00bbdark\u00a0\u00bb global_colors_info=\u00a0\u00bb{}\u00a0\u00bb][\/et_pb_button][\/et_pb_column][et_pb_column type=\u00a0\u00bb2_5&Prime; _builder_version=\u00a0\u00bb4.20.1&Prime; _module_preset=\u00a0\u00bbdefault\u00a0\u00bb global_colors_info=\u00a0\u00bb{}\u00a0\u00bb][et_pb_image src=\u00a0\u00bbhttps:\/\/azur-shiatsu.com\/wp-fr\/wp-content\/uploads\/2023\/03\/shiatsu-sur-table-detail-mains.jpg\u00a0\u00bb alt=\u00a0\u00bbAzur Shiatsu &#8211; Shiatsu sur chaise\u00a0\u00bb title_text=\u00a0\u00bbshiatsu-sur-table-detail-mains\u00a0\u00bb _builder_version=\u00a0\u00bb4.20.2&Prime; _module_preset=\u00a0\u00bbdefault\u00a0\u00bb custom_margin=\u00a0\u00bb||-2px|||\u00a0\u00bb global_colors_info=\u00a0\u00bb{}\u00a0\u00bb][\/et_pb_image][et_pb_image src=\u00a0\u00bbhttps:\/\/azur-shiatsu.com\/wp-fr\/wp-content\/uploads\/2023\/03\/shiatsu-sur-chaise-800&#215;533-1.jpg\u00a0\u00bb alt=\u00a0\u00bbAzur Shiatsu &#8211; Shiatsu sur chaise\u00a0\u00bb title_text=\u00a0\u00bbshiatsu-sur-chaise-800&#215;533&Prime; _builder_version=\u00a0\u00bb4.20.2&Prime; _module_preset=\u00a0\u00bbdefault\u00a0\u00bb global_colors_info=\u00a0\u00bb{}\u00a0\u00bb][\/et_pb_image][et_pb_image src=\u00a0\u00bbhttps:\/\/azur-shiatsu.com\/wp-fr\/wp-content\/uploads\/2023\/03\/shiatsu-sur-chaise-detail-mains-800&#215;533-1.jpg\u00a0\u00bb alt=\u00a0\u00bbAzur Shiatsu &#8211; Shiatsu sur table\u00a0\u00bb title_text=\u00a0\u00bbshiatsu-sur-chaise-detail-mains-800&#215;533&Prime; _builder_version=\u00a0\u00bb4.20.2&Prime; _module_preset=\u00a0\u00bbdefault\u00a0\u00bb custom_margin=\u00a0\u00bb-31px|||||\u00a0\u00bb global_colors_info=\u00a0\u00bb{}\u00a0\u00bb][\/et_pb_image][\/et_pb_column][\/et_pb_row][\/et_pb_section][et_pb_section fb_built=\u00a0\u00bb1&Prime; _builder_version=\u00a0\u00bb4.20.4&Prime; _module_preset=\u00a0\u00bbdefault\u00a0\u00bb top_divider_style=\u00a0\u00bbwave\u00a0\u00bb top_divider_color=\u00a0\u00bb#FFAC4C\u00a0\u00bb da_disable_devices=\u00a0\u00bboff|off|off\u00a0\u00bb global_colors_info=\u00a0\u00bb{}\u00a0\u00bb da_is_popup=\u00a0\u00bboff\u00a0\u00bb da_exit_intent=\u00a0\u00bboff\u00a0\u00bb da_has_close=\u00a0\u00bbon\u00a0\u00bb da_alt_close=\u00a0\u00bboff\u00a0\u00bb da_dark_close=\u00a0\u00bboff\u00a0\u00bb da_not_modal=\u00a0\u00bbon\u00a0\u00bb da_is_singular=\u00a0\u00bboff\u00a0\u00bb da_with_loader=\u00a0\u00bboff\u00a0\u00bb da_has_shadow=\u00a0\u00bbon\u00a0\u00bb][et_pb_row _builder_version=\u00a0\u00bb4.20.4&Prime; _module_preset=\u00a0\u00bbdefault\u00a0\u00bb custom_padding=\u00a0\u00bb46px||0px|||\u00a0\u00bb global_colors_info=\u00a0\u00bb{}\u00a0\u00bb][et_pb_column type=\u00a0\u00bb4_4&Prime; _builder_version=\u00a0\u00bb4.20.4&Prime; _module_preset=\u00a0\u00bbdefault\u00a0\u00bb global_colors_info=\u00a0\u00bb{}\u00a0\u00bb][et_pb_text _builder_version=\u00a0\u00bb4.20.4&Prime; _module_preset=\u00a0\u00bbdefault\u00a0\u00bb global_colors_info=\u00a0\u00bb{}\u00a0\u00bb]<\/p>\n<h2>R\u00e9f\u00e9rences : S\u00e9ances de shiatsu pour les soignants et les r\u00e9sidents dans les EHPAD et centres hospitaliers<\/h2>\n<ul><\/ul>\n<p>[\/et_pb_text][\/et_pb_column][\/et_pb_row][et_pb_row column_structure=\u00a0\u00bb1_2,1_2&Prime; _builder_version=\u00a0\u00bb4.20.4&Prime; _module_preset=\u00a0\u00bbdefault\u00a0\u00bb global_colors_info=\u00a0\u00bb{}\u00a0\u00bb][et_pb_column type=\u00a0\u00bb1_2&Prime; _builder_version=\u00a0\u00bb4.20.4&Prime; _module_preset=\u00a0\u00bbdefault\u00a0\u00bb global_colors_info=\u00a0\u00bb{}\u00a0\u00bb][et_pb_text _builder_version=\u00a0\u00bb4.27.0&Prime; _module_preset=\u00a0\u00bbdefault\u00a0\u00bb hover_enabled=\u00a0\u00bb0&Prime; global_colors_info=\u00a0\u00bb{}\u00a0\u00bb sticky_enabled=\u00a0\u00bb0&Prime;]<\/p>\n<ul>\n<li>Maison de retraite &#8211; Fondation Henri Delerue &#8211; Houplines<\/li>\n<li>EHPAD R\u00e9sidence Henry Bouchery<br \/>&#8211; La Chapelle-d&rsquo;Armenti\u00e8res<\/li>\n<li>EHPAD Domaine de la rivi\u00e8re &#8211; Marquette lez Lille<\/li>\n<li>R\u00e9sidence Abb\u00e9 Lefran\u00e7ois &#8211; Steenwerck<\/li>\n<li>R\u00e9sidence Marguerite de Flandre \u00e0 Nieppe<\/li>\n<li>EHPAD R\u00e9sidence Van Kempen &#8211; Arn\u00e8ke<\/li>\n<\/ul>\n<p>[\/et_pb_text][\/et_pb_column][et_pb_column type=\u00a0\u00bb1_2&Prime; _builder_version=\u00a0\u00bb4.27.0&Prime; _module_preset=\u00a0\u00bbdefault\u00a0\u00bb global_colors_info=\u00a0\u00bb{}\u00a0\u00bb][et_pb_text _builder_version=\u00a0\u00bb4.27.0&Prime; _module_preset=\u00a0\u00bbdefault\u00a0\u00bb hover_enabled=\u00a0\u00bb0&Prime; global_colors_info=\u00a0\u00bb{}\u00a0\u00bb sticky_enabled=\u00a0\u00bb0&Prime;]<\/p>\n<ul>\n<li>Centre Hospitalier de Lens &#8211; service cardiologie, r\u00e9animation, urgences et administration- pour Obiance<\/li>\n<li>Centre hospitalier de B\u00e9thune pour Obiance<\/li>\n<li>EHPAD \u2018\u2019Domaine des tuileries\u2019\u2019<br \/>&#8211; P\u00e9renchies<\/li>\n<li>EHPAD \u2018\u2019Notre-Dame des anges\u2019\u2019<br \/>&#8211; Lille <a href=\"https:\/\/azur-shiatsu.com\/wp-fr\/Lettre%20recommandation%20dewulf%202021.jpg\" target=\"_blank\" rel=\"noopener\" title=\"Lettre de recommandation\">Lettre de recommandation<\/a><\/li>\n<\/ul>\n<p>[\/et_pb_text][\/et_pb_column][\/et_pb_row][\/et_pb_section][et_pb_section fb_built=\u00a0\u00bb1&Prime; _builder_version=\u00a0\u00bb4.20.2&Prime; _module_preset=\u00a0\u00bbdefault\u00a0\u00bb background_image=\u00a0\u00bbhttps:\/\/azur-shiatsu.com\/wp-fr\/wp-content\/uploads\/2023\/03\/eric-futon-mezzanine.jpg\u00a0\u00bb parallax=\u00a0\u00bbon\u00a0\u00bb parallax_method=\u00a0\u00bboff\u00a0\u00bb da_disable_devices=\u00a0\u00bboff|off|off\u00a0\u00bb global_colors_info=\u00a0\u00bb{}\u00a0\u00bb da_is_popup=\u00a0\u00bboff\u00a0\u00bb da_exit_intent=\u00a0\u00bboff\u00a0\u00bb da_has_close=\u00a0\u00bbon\u00a0\u00bb da_alt_close=\u00a0\u00bboff\u00a0\u00bb da_dark_close=\u00a0\u00bboff\u00a0\u00bb da_not_modal=\u00a0\u00bbon\u00a0\u00bb da_is_singular=\u00a0\u00bboff\u00a0\u00bb da_with_loader=\u00a0\u00bboff\u00a0\u00bb da_has_shadow=\u00a0\u00bbon\u00a0\u00bb][et_pb_row module_id=\u00a0\u00bbcentrer-verticalement\u00a0\u00bb _builder_version=\u00a0\u00bb4.19.4&Prime; _module_preset=\u00a0\u00bbdefault\u00a0\u00bb background_color=\u00a0\u00bbrgba(0,0,0,0.35)\u00a0\u00bb global_colors_info=\u00a0\u00bb{}\u00a0\u00bb][et_pb_column type=\u00a0\u00bb4_4&Prime; _builder_version=\u00a0\u00bb4.19.4&Prime; _module_preset=\u00a0\u00bbdefault\u00a0\u00bb global_colors_info=\u00a0\u00bb{}\u00a0\u00bb][et_pb_cta title=\u00a0\u00bbVous souhaitez prendre rendez-vous ?\u00a0\u00bb button_url=\u00a0\u00bb@ET-DC@eyJkeW5hbWljIjp0cnVlLCJjb250ZW50IjoicG9zdF9saW5rX3VybF9wYWdlIiwic2V0dGluZ3MiOnsicG9zdF9pZCI6IjMyMDEifX0=@\u00a0\u00bb button_text=\u00a0\u00bbD\u00e9couvrez l&rsquo;offre Azur Shiatsu\u00a0\u00bb _builder_version=\u00a0\u00bb4.20.4&Prime; _dynamic_attributes=\u00a0\u00bbbutton_url\u00a0\u00bb _module_preset=\u00a0\u00bbdefault\u00a0\u00bb header_text_color=\u00a0\u00bb#FFFFFF\u00a0\u00bb header_font_size=\u00a0\u00bb32px\u00a0\u00bb header_line_height=\u00a0\u00bb1.8em\u00a0\u00bb body_text_color=\u00a0\u00bb#FFFFFF\u00a0\u00bb body_font_size=\u00a0\u00bb20px\u00a0\u00bb body_line_height=\u00a0\u00bb1.8em\u00a0\u00bb background_enable_color=\u00a0\u00bboff\u00a0\u00bb custom_button=\u00a0\u00bbon\u00a0\u00bb button_text_size=\u00a0\u00bb20px\u00a0\u00bb button_text_color=\u00a0\u00bb#0C71C3&Prime; button_bg_color=\u00a0\u00bb#FFFFFF\u00a0\u00bb button_border_width=\u00a0\u00bb0px\u00a0\u00bb button_border_radius=\u00a0\u00bb0px\u00a0\u00bb button_letter_spacing=\u00a0\u00bb1px\u00a0\u00bb button_font=\u00a0\u00bbCrimson Text|700||on|||||\u00a0\u00bb button_custom_padding=\u00a0\u00bb15px|40px|15px|40px|true|true\u00a0\u00bb global_colors_info=\u00a0\u00bb{}\u00a0\u00bb button_text_color__hover=\u00a0\u00bb#FFFFFF\u00a0\u00bb button_text_color__hover_enabled=\u00a0\u00bbon|hover\u00a0\u00bb button_bg_color__hover=\u00a0\u00bb#0C71C3&Prime; button_bg_color__hover_enabled=\u00a0\u00bbon|hover\u00a0\u00bb button_bg_enable_color__hover=\u00a0\u00bbon\u00a0\u00bb]<\/p>\n<p>Je vous re\u00e7ois dans un lieu d\u00e9di\u00e9, entour\u00e9 de nature, pour vous accompagner vers une harmonie c\u0153ur &#8211; corps &#8211; esprit.<\/p>\n<p>[\/et_pb_cta][\/et_pb_column][\/et_pb_row][\/et_pb_section]<\/p>\n","protected":false},"excerpt":{"rendered":"<p>S\u00e9ances en entreprise et collectivit\u00e9s Je propose des prestations pour un mieux-\u00eatre physique et mental aux entreprises et aux \u00e9tablissements publics.Pour un mieux-\u00eatre du corps et de l&rsquo;esprit de vos salari\u00e9s ou adh\u00e9rents Au sein des entreprises, le besoin de d\u00e9tente est de plus en plus vital. Les corps sont malmen\u00e9s par les diff\u00e9rentes injonctions [&hellip;]<\/p>\n","protected":false},"author":1,"featured_media":0,"parent":0,"menu_order":0,"comment_status":"closed","ping_status":"closed","template":"","meta":{"_et_pb_use_builder":"on","_et_pb_old_content":"","_et_gb_content_width":"","footnotes":""},"class_list":["post-4445","page","type-page","status-publish","hentry"],"_links":{"self":[{"href":"https:\/\/azur-shiatsu.com\/wp-fr\/wp-json\/wp\/v2\/pages\/4445"}],"collection":[{"href":"https:\/\/azur-shiatsu.com\/wp-fr\/wp-json\/wp\/v2\/pages"}],"about":[{"href":"https:\/\/azur-shiatsu.com\/wp-fr\/wp-json\/wp\/v2\/types\/page"}],"author":[{"embeddable":true,"href":"https:\/\/azur-shiatsu.com\/wp-fr\/wp-json\/wp\/v2\/users\/1"}],"replies":[{"embeddable":true,"href":"https:\/\/azur-shiatsu.com\/wp-fr\/wp-json\/wp\/v2\/comments?post=4445"}],"version-history":[{"count":4,"href":"https:\/\/azur-shiatsu.com\/wp-fr\/wp-json\/wp\/v2\/pages\/4445\/revisions"}],"predecessor-version":[{"id":7045,"href":"https:\/\/azur-shiatsu.com\/wp-fr\/wp-json\/wp\/v2\/pages\/4445\/revisions\/7045"}],"wp:attachment":[{"href":"https:\/\/azur-shiatsu.com\/wp-fr\/wp-json\/wp\/v2\/media?parent=4445"}],"curies":[{"name":"wp","href":"https:\/\/api.w.org\/{rel}","templated":true}]}}